{"id":3,"date":"2021-03-12T09:37:01","date_gmt":"2021-03-12T09:37:01","guid":{"rendered":"http:\/\/staging.donebyfriday.fr\/?page_id=3"},"modified":"2021-07-21T11:01:03","modified_gmt":"2021-07-21T11:01:03","slug":"privacy-policy","status":"publish","type":"page","link":"https:\/\/donebyfriday.fr\/fr\/privacy-policy\/","title":{"rendered":"Mentions L\u00e9gales"},"content":{"rendered":"<section class=\"padding-one\"><div class=\"container\"><div class=\"row\"><div class=\"wpb_column hcode-column-container vc_col-sm-12 col-xs-mobile-fullwidth\" data-front-class=\"col-xs-mobile-fullwidth\"><div class=\"vc-column-innner-wrapper\"><p><!-- wp:spacer {\"height\":42} --><!-- \/wp:spacer --><\/p>\n<p><!-- wp:paragraph -->Done by Friday<br \/>Agence de Communication<br \/>BMNV Partnership SAS<br \/>21 av Gabriel P\u00e9ri<br \/>93100 Montreuil<br \/>T\u00e9l\u00e9phone : 0184214033<br \/>Email : hello@donebyfriday.fr<br \/>Siret : 534415302<br \/>Capital social : 100 000 euros<\/p>\n<p><!-- \/wp:paragraph -->DONN\u00c9ES PERSONNELLES<\/p>\n<ul>\n<li>Les informations recueillies \u00e0 partir de ce formulaire font l\u2019objet d\u2019un traitement informatique destin\u00e9 \u00e0 Done by Friday.<\/li>\n<li>Pour la ou les finalit\u00e9(s) suivante(s) : La promotion des activit\u00e9s propos\u00e9es par Done by Friday aupr\u00e8s de ses clients, abonn\u00e9s ou futurs, et permettre la bonne gestion de notre client\u00e8le et de nos partenaires.<\/li>\n<li><span style=\"font-weight: 400;\">The recipient (s) of the data are: The sales department In accordance with the GDPR, we do not transfer the contact details we have to a third party. We hope to keep you among our subscribers, customers and contacts as long as possible. In accordance with the amended law \"Informatique et Libert\u00e9s\" of January 6, 1978, you have the right to access and rectify information concerning you. You can access your information or unsubscribe by contacting Done by Friday.\u00a0<\/span><\/li>\n<\/ul>\n<p><span style=\"font-weight: 400;\">PROPRI\u00c9T\u00c9<\/span><\/p>\n<p><span style=\"font-weight: 400;\">Le site et les informations qu\u2019il contient sont prot\u00e9g\u00e9s par la loi fran\u00e7aise sur la propri\u00e9t\u00e9\nintellectuelle et par les conventions internationales. Le site et les \u00e9l\u00e9ments de son contenu ne\npeuvent \u00eatre ni reproduits, ni republi\u00e9s, ni retranscrits, ni modifi\u00e9s, ni retransmis sans l\u2019autorisation pr\u00e9alable des ayants droits par \u00e9crit (sauf utilisation dans le cercle de famille ou usage priv\u00e9). <\/span><\/p>\n<\/div><\/div><\/div><\/div><\/section><section class=\"no-padding\"><div class=\"container\"><div class=\"row\"><div class=\"wpb_column hcode-column-container vc_col-sm-12 col-xs-mobile-fullwidth\" data-front-class=\"col-xs-mobile-fullwidth\"><div class=\"vc-column-innner-wrapper\"><p style=\"color: white;\">This website uses cookies to improve your experience while you navigate through the website. Out of these, the cookies that are categorized as necessary are stored on your browser as they are essential for the working of basic functionalities of the website. We also use third-party cookies that help us analyze and understand how you use this website. These cookies will be stored in your browser only with your consent. You also have the option to opt-out of these cookies. But opting out of some of these cookies may affect your browsing experience.\\<\/p>\n<p style=\"color: white;\">Activ\u00e9r<\/p>\n<p style=\"color: white;\">D\u00e9sactiv\u00e9r<\/p>\n<\/div><\/div><\/div><\/div><\/section>","protected":false},"excerpt":{"rendered":"<p>Done by FridayAgence de CommunicationBMNV Partnership SAS21 av Gabriel P\u00e9ri93100 MontreuilT\u00e9l\u00e9phone : 0184214033Email : hello@donebyfriday.frSiret : 534415302Capital social : 100 000 euros PERSONAL DATA The information collected from this form is subject to computer processing for Done by Friday. For the following purpose (s): The promotion of the activities offered by Done by Friday to [&hellip;]<\/p>","protected":false},"author":1,"featured_media":0,"parent":0,"menu_order":0,"comment_status":"closed","ping_status":"open","template":"","meta":{"footnotes":""},"class_list":["post-3","page","type-page","status-publish","hentry"],"_links":{"self":[{"href":"https:\/\/donebyfriday.fr\/fr\/wp-json\/wp\/v2\/pages\/3","targetHints":{"allow":["GET"]}}],"collection":[{"href":"https:\/\/donebyfriday.fr\/fr\/wp-json\/wp\/v2\/pages"}],"about":[{"href":"https:\/\/donebyfriday.fr\/fr\/wp-json\/wp\/v2\/types\/page"}],"author":[{"embeddable":true,"href":"https:\/\/donebyfriday.fr\/fr\/wp-json\/wp\/v2\/users\/1"}],"replies":[{"embeddable":true,"href":"https:\/\/donebyfriday.fr\/fr\/wp-json\/wp\/v2\/comments?post=3"}],"version-history":[{"count":19,"href":"https:\/\/donebyfriday.fr\/fr\/wp-json\/wp\/v2\/pages\/3\/revisions"}],"predecessor-version":[{"id":19786,"href":"https:\/\/donebyfriday.fr\/fr\/wp-json\/wp\/v2\/pages\/3\/revisions\/19786"}],"wp:attachment":[{"href":"https:\/\/donebyfriday.fr\/fr\/wp-json\/wp\/v2\/media?parent=3"}],"curies":[{"name":"wp","href":"https:\/\/api.w.org\/{rel}","templated":true}]}}